{"id":707,"date":"2024-05-15T00:44:43","date_gmt":"2024-05-15T00:44:43","guid":{"rendered":"https:\/\/allavigna.ch\/?page_id=707"},"modified":"2024-06-10T00:01:37","modified_gmt":"2024-06-10T00:01:37","slug":"lugano","status":"publish","type":"page","link":"https:\/\/allavigna.ch\/en\/lugano\/","title":{"rendered":"Lugano"},"content":{"rendered":"\t\t<div data-elementor-type=\"wp-page\" data-elementor-id=\"707\" class=\"elementor elementor-707 elementor-353\" data-elementor-post-type=\"page\">\n\t\t\t\t<div class=\"elementor-element elementor-element-1cccec9 e-flex e-con-boxed e-con e-parent\" data-id=\"1cccec9\" data-element_type=\"container\" data-settings=\"{&quot;background_background&quot;:&quot;classic&quot;}\">\n\t\t\t\t\t<div class=\"e-con-inner\">\n\t\t<div class=\"elementor-element elementor-element-4eeba8b animated-slow e-flex e-con-boxed elementor-invisible e-con e-child\" data-id=\"4eeba8b\" data-element_type=\"container\" data-settings=\"{&quot;animation&quot;:&quot;fadeInUp&quot;}\">\n\t\t\t\t\t<div class=\"e-con-inner\">\n\t\t\t\t<div class=\"elementor-element elementor-element-e3a0476 elementor-widget elementor-widget-heading\" data-id=\"e3a0476\" data-element_type=\"widget\" data-widget_type=\"heading.default\">\n\t\t\t\t<div class=\"elementor-widget-container\">\n\t\t\t<style>\/*! elementor - v3.21.0 - 18-04-2024 *\/\n.elementor-heading-title{padding:0;margin:0;line-height:1}.elementor-widget-heading .elementor-heading-title[class*=elementor-size-]>a{color:inherit;font-size:inherit;line-height:inherit}.elementor-widget-heading .elementor-heading-title.elementor-size-small{font-size:15px}.elementor-widget-heading .elementor-heading-title.elementor-size-medium{font-size:19px}.elementor-widget-heading .elementor-heading-title.elementor-size-large{font-size:29px}.elementor-widget-heading .elementor-heading-title.elementor-size-xl{font-size:39px}.elementor-widget-heading .elementor-heading-title.elementor-size-xxl{font-size:59px}<\/style><h2 class=\"elementor-heading-title elementor-size-default\">Lugano<\/h2>\t\t<\/div>\n\t\t\t\t<\/div>\n\t\t\t\t<div class=\"elementor-element elementor-element-311f433 elementor-widget__width-initial elementor-widget elementor-widget-heading\" data-id=\"311f433\" data-element_type=\"widget\" data-widget_type=\"heading.default\">\n\t\t\t\t<div class=\"elementor-widget-container\">\n\t\t\t<h2 class=\"elementor-heading-title elementor-size-default\">Spend a wonderful vacation in this beautiful region. \u2003<\/h2>\t\t<\/div>\n\t\t\t\t<\/div>\n\t\t\t\t<div class=\"elementor-element elementor-element-75ba174 elementor-align-right elementor-widget elementor-widget-button\" data-id=\"75ba174\" data-element_type=\"widget\" data-widget_type=\"button.default\">\n\t\t\t\t<div class=\"elementor-widget-container\">\n\t\t\t\t\t<div class=\"elementor-button-wrapper\">\n\t\t\t<a class=\"elementor-button elementor-button-link elementor-size-sm\" href=\"#lugano\">\n\t\t\t\t\t\t<span class=\"elementor-button-content-wrapper\">\n\t\t\t\t\t\t\t\t\t<span class=\"elementor-button-text\">More information<\/span>\n\t\t\t\t\t<\/span>\n\t\t\t\t\t<\/a>\n\t\t<\/div>\n\t\t\t\t<\/div>\n\t\t\t\t<\/div>\n\t\t\t\t\t<\/div>\n\t\t\t\t<\/div>\n\t\t\t\t\t<\/div>\n\t\t\t\t<\/div>\n\t\t<div class=\"elementor-element elementor-element-6a7c3d4 e-flex e-con-boxed e-con e-parent\" data-id=\"6a7c3d4\" data-element_type=\"container\" id=\"lugano\">\n\t\t\t\t\t<div class=\"e-con-inner\">\n\t\t\t\t<div class=\"elementor-element elementor-element-6af986a elementor-widget elementor-widget-heading\" data-id=\"6af986a\" data-element_type=\"widget\" data-widget_type=\"heading.default\">\n\t\t\t\t<div class=\"elementor-widget-container\">\n\t\t\t<h3 class=\"elementor-heading-title elementor-size-default\">Lugano location<\/h3>\t\t<\/div>\n\t\t\t\t<\/div>\n\t\t\t\t<div class=\"elementor-element elementor-element-5f26beb elementor-widget__width-initial elementor-widget elementor-widget-heading\" data-id=\"5f26beb\" data-element_type=\"widget\" data-widget_type=\"heading.default\">\n\t\t\t\t<div class=\"elementor-widget-container\">\n\t\t\t<h3 class=\"elementor-heading-title elementor-size-default\">Lugano lies at the foot of the lake of the same name and is surrounded by the hills of Monte Br\u00e9 and Monte San Salvatore<\/h3>\t\t<\/div>\n\t\t\t\t<\/div>\n\t\t\t\t<div class=\"elementor-element elementor-element-d74c47c elementor-widget__width-initial elementor-widget elementor-widget-text-editor\" data-id=\"d74c47c\" data-element_type=\"widget\" data-widget_type=\"text-editor.default\">\n\t\t\t\t<div class=\"elementor-widget-container\">\n\t\t\t<style>\/*! elementor - v3.21.0 - 18-04-2024 *\/\n.elementor-widget-text-editor.elementor-drop-cap-view-stacked .elementor-drop-cap{background-color:#69727d;color:#fff}.elementor-widget-text-editor.elementor-drop-cap-view-framed .elementor-drop-cap{color:#69727d;border:3px solid;background-color:transparent}.elementor-widget-text-editor:not(.elementor-drop-cap-view-default) .elementor-drop-cap{margin-top:8px}.elementor-widget-text-editor:not(.elementor-drop-cap-view-default) .elementor-drop-cap-letter{width:1em;height:1em}.elementor-widget-text-editor .elementor-drop-cap{float:left;text-align:center;line-height:1;font-size:50px}.elementor-widget-text-editor .elementor-drop-cap-letter{display:inline-block}<\/style>\t\t\t\t<p>The inviting lakeside promenade is particularly popular with locals and visitors alike, from where you can admire the enchanting panorama of the surrounding mountain landscape.<\/p>\t\t\t\t\t\t<\/div>\n\t\t\t\t<\/div>\n\t\t<div class=\"elementor-element elementor-element-e170a46 e-grid e-con-boxed e-con e-child\" data-id=\"e170a46\" data-element_type=\"container\">\n\t\t\t\t\t<div class=\"e-con-inner\">\n\t\t\t\t<div class=\"elementor-element elementor-element-47c1ace elementor-widget elementor-widget-image\" data-id=\"47c1ace\" data-element_type=\"widget\" data-widget_type=\"image.default\">\n\t\t\t\t<div class=\"elementor-widget-container\">\n\t\t\t<style>\/*! elementor - v3.21.0 - 18-04-2024 *\/\n.elementor-widget-image{text-align:center}.elementor-widget-image a{display:inline-block}.elementor-widget-image a img[src$=\".svg\"]{width:48px}.elementor-widget-image img{vertical-align:middle;display:inline-block}<\/style>\t\t\t\t\t\t\t\t\t\t<img fetchpriority=\"high\" decoding=\"async\" width=\"1280\" height=\"852\" src=\"https:\/\/allavigna.ch\/wp-content\/uploads\/2024\/05\/Rifugioallegn.jpg\" class=\"attachment-full size-full wp-image-508\" alt=\"\" srcset=\"https:\/\/allavigna.ch\/wp-content\/uploads\/2024\/05\/Rifugioallegn.jpg 1280w, https:\/\/allavigna.ch\/wp-content\/uploads\/2024\/05\/Rifugioallegn-300x200.jpg 300w, https:\/\/allavigna.ch\/wp-content\/uploads\/2024\/05\/Rifugioallegn-1024x682.jpg 1024w, https:\/\/allavigna.ch\/wp-content\/uploads\/2024\/05\/Rifugioallegn-768x511.jpg 768w\" sizes=\"(max-width: 1280px) 100vw, 1280px\" \/>\t\t\t\t\t\t\t\t\t\t\t\t\t<\/div>\n\t\t\t\t<\/div>\n\t\t\t\t<div class=\"elementor-element elementor-element-1fbd6c3 elementor-widget elementor-widget-image\" data-id=\"1fbd6c3\" data-element_type=\"widget\" data-widget_type=\"image.default\">\n\t\t\t\t<div class=\"elementor-widget-container\">\n\t\t\t\t\t\t\t\t\t\t\t\t\t<img decoding=\"async\" width=\"2560\" height=\"1707\" src=\"https:\/\/allavigna.ch\/wp-content\/uploads\/2024\/05\/Lago_di_Lugano_at_Sunset_cropped_2-min-1-scaled.jpg\" class=\"attachment-full size-full wp-image-529\" alt=\"\" srcset=\"https:\/\/allavigna.ch\/wp-content\/uploads\/2024\/05\/Lago_di_Lugano_at_Sunset_cropped_2-min-1-scaled.jpg 2560w, https:\/\/allavigna.ch\/wp-content\/uploads\/2024\/05\/Lago_di_Lugano_at_Sunset_cropped_2-min-1-300x200.jpg 300w, https:\/\/allavigna.ch\/wp-content\/uploads\/2024\/05\/Lago_di_Lugano_at_Sunset_cropped_2-min-1-1024x683.jpg 1024w, https:\/\/allavigna.ch\/wp-content\/uploads\/2024\/05\/Lago_di_Lugano_at_Sunset_cropped_2-min-1-768x512.jpg 768w, https:\/\/allavigna.ch\/wp-content\/uploads\/2024\/05\/Lago_di_Lugano_at_Sunset_cropped_2-min-1-1536x1024.jpg 1536w, https:\/\/allavigna.ch\/wp-content\/uploads\/2024\/05\/Lago_di_Lugano_at_Sunset_cropped_2-min-1-2048x1365.jpg 2048w\" sizes=\"(max-width: 2560px) 100vw, 2560px\" \/>\t\t\t\t\t\t\t\t\t\t\t\t\t<\/div>\n\t\t\t\t<\/div>\n\t\t\t\t\t<\/div>\n\t\t\t\t<\/div>\n\t\t\t\t\t<\/div>\n\t\t\t\t<\/div>\n\t\t<div class=\"elementor-element elementor-element-c1c9a9c e-flex e-con-boxed e-con e-parent\" data-id=\"c1c9a9c\" data-element_type=\"container\" data-settings=\"{&quot;background_background&quot;:&quot;classic&quot;}\">\n\t\t\t\t\t<div class=\"e-con-inner\">\n\t\t\t\t<div class=\"elementor-element elementor-element-f2806f7 elementor-widget elementor-widget-heading\" data-id=\"f2806f7\" data-element_type=\"widget\" data-widget_type=\"heading.default\">\n\t\t\t\t<div class=\"elementor-widget-container\">\n\t\t\t<h3 class=\"elementor-heading-title elementor-size-default\">City surrounding<\/h3>\t\t<\/div>\n\t\t\t\t<\/div>\n\t\t\t\t<div class=\"elementor-element elementor-element-12aa624 elementor-widget__width-initial elementor-widget elementor-widget-heading\" data-id=\"12aa624\" data-element_type=\"widget\" data-widget_type=\"heading.default\">\n\t\t\t\t<div class=\"elementor-widget-container\">\n\t\t\t<h3 class=\"elementor-heading-title elementor-size-default\">Surrounding the city is the \"Valleys of Lugano\" region, with small, picturesque villages and breathtaking landscapes.<\/h3>\t\t<\/div>\n\t\t\t\t<\/div>\n\t\t\t\t<div class=\"elementor-element elementor-element-ee121a8 elementor-widget__width-initial elementor-widget elementor-widget-text-editor\" data-id=\"ee121a8\" data-element_type=\"widget\" data-widget_type=\"text-editor.default\">\n\t\t\t\t<div class=\"elementor-widget-container\">\n\t\t\t\t\t\t\t<p>Lugano is the perfect starting point for wonderful excursions into nature, be it relaxed hikes or challenging bike tours. Let yourself be enchanted by this piece of paradise.<\/p>\t\t\t\t\t\t<\/div>\n\t\t\t\t<\/div>\n\t\t\t\t\t<\/div>\n\t\t\t\t<\/div>\n\t\t<div class=\"elementor-element elementor-element-4c9914d e-flex e-con-boxed e-con e-parent\" data-id=\"4c9914d\" data-element_type=\"container\">\n\t\t\t\t\t<div class=\"e-con-inner\">\n\t\t<div class=\"elementor-element elementor-element-f3395b4 e-con-full e-flex e-con e-child\" data-id=\"f3395b4\" data-element_type=\"container\">\n\t\t<div class=\"elementor-element elementor-element-b0dcfa1 e-con-full e-flex e-con e-child\" data-id=\"b0dcfa1\" data-element_type=\"container\">\n\t\t\t\t<div class=\"elementor-element elementor-element-f3621d6 elementor-widget elementor-widget-heading\" data-id=\"f3621d6\" data-element_type=\"widget\" data-widget_type=\"heading.default\">\n\t\t\t\t<div class=\"elementor-widget-container\">\n\t\t\t<h3 class=\"elementor-heading-title elementor-size-default\">popular holiday destination<\/h3>\t\t<\/div>\n\t\t\t\t<\/div>\n\t\t\t\t<div class=\"elementor-element elementor-element-9553d5a elementor-widget__width-initial elementor-widget elementor-widget-heading\" data-id=\"9553d5a\" data-element_type=\"widget\" data-widget_type=\"heading.default\">\n\t\t\t\t<div class=\"elementor-widget-container\">\n\t\t\t<h3 class=\"elementor-heading-title elementor-size-default\">You should definitely visit the cities of Locarno and Lugano<\/h3>\t\t<\/div>\n\t\t\t\t<\/div>\n\t\t\t\t<div class=\"elementor-element elementor-element-809c73c elementor-widget__width-initial elementor-widget elementor-widget-text-editor\" data-id=\"809c73c\" data-element_type=\"widget\" data-widget_type=\"text-editor.default\">\n\t\t\t\t<div class=\"elementor-widget-container\">\n\t\t\t\t\t\t\t<p>Bei einem Stadtbummel werden Sie auf viele Sehensw\u00fcrdigkeiten stossen und die herrliche Lage am See wird Ihnen in bester Erinnerung bleiben.<\/p>\t\t\t\t\t\t<\/div>\n\t\t\t\t<\/div>\n\t\t\t\t<div class=\"elementor-element elementor-element-81484df elementor-widget__width-initial elementor-widget elementor-widget-text-editor\" data-id=\"81484df\" data-element_type=\"widget\" data-widget_type=\"text-editor.default\">\n\t\t\t\t<div class=\"elementor-widget-container\">\n\t\t\t\t\t\t\t<p>Die N\u00e4he zu Italien und das sonnige Klima verspr\u00fchen einen ganz besonderen Charme. Eine abwechslungsreiche Vegetation, sch\u00f6ne Orte und interessante St\u00e4dte machen das gesamte Tessin zu einem beliebten Urlaubsziel.<\/p>\t\t\t\t\t\t<\/div>\n\t\t\t\t<\/div>\n\t\t\t\t<div class=\"elementor-element elementor-element-41c01d9 elementor-align-left elementor-widget elementor-widget-button\" data-id=\"41c01d9\" data-element_type=\"widget\" data-widget_type=\"button.default\">\n\t\t\t\t<div class=\"elementor-widget-container\">\n\t\t\t\t\t<div class=\"elementor-button-wrapper\">\n\t\t\t<a class=\"elementor-button elementor-button-link elementor-size-sm\" href=\"https:\/\/allavigna.ch\/vermietung\/\">\n\t\t\t\t\t\t<span class=\"elementor-button-content-wrapper\">\n\t\t\t\t\t\t\t\t\t<span class=\"elementor-button-text\">Book your stay now<\/span>\n\t\t\t\t\t<\/span>\n\t\t\t\t\t<\/a>\n\t\t<\/div>\n\t\t\t\t<\/div>\n\t\t\t\t<\/div>\n\t\t\t\t<\/div>\n\t\t<div class=\"elementor-element elementor-element-1275100 e-con-full e-flex e-con e-child\" data-id=\"1275100\" data-element_type=\"container\">\n\t\t<div class=\"elementor-element elementor-element-c5d2d0a e-grid e-con-boxed e-con e-child\" data-id=\"c5d2d0a\" data-element_type=\"container\">\n\t\t\t\t\t<div class=\"e-con-inner\">\n\t\t\t\t<div class=\"elementor-element elementor-element-52c8670 animated-slow elementor-widget elementor-widget-image\" data-id=\"52c8670\" data-element_type=\"widget\" data-settings=\"{&quot;_animation&quot;:&quot;none&quot;}\" data-widget_type=\"image.default\">\n\t\t\t\t<div class=\"elementor-widget-container\">\n\t\t\t\t\t\t\t\t\t\t\t\t\t<img decoding=\"async\" width=\"1053\" height=\"700\" src=\"https:\/\/allavigna.ch\/wp-content\/uploads\/2024\/05\/Piazza-Riforma-33903-full-HD.jpg\" class=\"attachment-full size-full wp-image-514\" alt=\"\" srcset=\"https:\/\/allavigna.ch\/wp-content\/uploads\/2024\/05\/Piazza-Riforma-33903-full-HD.jpg 1053w, https:\/\/allavigna.ch\/wp-content\/uploads\/2024\/05\/Piazza-Riforma-33903-full-HD-300x199.jpg 300w, https:\/\/allavigna.ch\/wp-content\/uploads\/2024\/05\/Piazza-Riforma-33903-full-HD-1024x681.jpg 1024w, https:\/\/allavigna.ch\/wp-content\/uploads\/2024\/05\/Piazza-Riforma-33903-full-HD-768x511.jpg 768w\" sizes=\"(max-width: 1053px) 100vw, 1053px\" \/>\t\t\t\t\t\t\t\t\t\t\t\t\t<\/div>\n\t\t\t\t<\/div>\n\t\t\t\t<div class=\"elementor-element elementor-element-7f1e89d animated-slow elementor-widget elementor-widget-image\" data-id=\"7f1e89d\" data-element_type=\"widget\" data-settings=\"{&quot;_animation&quot;:&quot;none&quot;,&quot;_animation_delay&quot;:300}\" data-widget_type=\"image.default\">\n\t\t\t\t<div class=\"elementor-widget-container\">\n\t\t\t\t\t\t\t\t\t\t\t\t\t<img loading=\"lazy\" decoding=\"async\" width=\"1230\" height=\"923\" src=\"https:\/\/allavigna.ch\/wp-content\/uploads\/2024\/05\/jcr_content.jpg\" class=\"attachment-full size-full wp-image-491\" alt=\"\" srcset=\"https:\/\/allavigna.ch\/wp-content\/uploads\/2024\/05\/jcr_content.jpg 1230w, https:\/\/allavigna.ch\/wp-content\/uploads\/2024\/05\/jcr_content-300x225.jpg 300w, https:\/\/allavigna.ch\/wp-content\/uploads\/2024\/05\/jcr_content-1024x768.jpg 1024w, https:\/\/allavigna.ch\/wp-content\/uploads\/2024\/05\/jcr_content-768x576.jpg 768w\" sizes=\"(max-width: 1230px) 100vw, 1230px\" \/>\t\t\t\t\t\t\t\t\t\t\t\t\t<\/div>\n\t\t\t\t<\/div>\n\t\t\t\t\t<\/div>\n\t\t\t\t<\/div>\n\t\t\t\t<\/div>\n\t\t\t\t<\/div>\n\t\t\t\t\t<\/div>\n\t\t\t\t<\/div>\n\t\t\t\t<\/div>\n\t\t","protected":false},"excerpt":{"rendered":"<p>Lugano Spend a wonderful vacation in this beautiful region. \u2003 More information Lugano location Lugano lies at the foot of the lake of the same name and is surrounded by the hills of Monte Br\u00e9 and Monte San Salvatore The inviting lakeside promenade is particularly popular with locals and visitors alike, from where you can [&hellip;]<\/p>\n","protected":false},"author":2,"featured_media":0,"parent":0,"menu_order":0,"comment_status":"closed","ping_status":"closed","template":"elementor_header_footer","meta":{"footnotes":""},"class_list":["post-707","page","type-page","status-publish","hentry"],"_links":{"self":[{"href":"https:\/\/allavigna.ch\/en\/wp-json\/wp\/v2\/pages\/707","targetHints":{"allow":["GET"]}}],"collection":[{"href":"https:\/\/allavigna.ch\/en\/wp-json\/wp\/v2\/pages"}],"about":[{"href":"https:\/\/allavigna.ch\/en\/wp-json\/wp\/v2\/types\/page"}],"author":[{"embeddable":true,"href":"https:\/\/allavigna.ch\/en\/wp-json\/wp\/v2\/users\/2"}],"replies":[{"embeddable":true,"href":"https:\/\/allavigna.ch\/en\/wp-json\/wp\/v2\/comments?post=707"}],"version-history":[{"count":4,"href":"https:\/\/allavigna.ch\/en\/wp-json\/wp\/v2\/pages\/707\/revisions"}],"predecessor-version":[{"id":711,"href":"https:\/\/allavigna.ch\/en\/wp-json\/wp\/v2\/pages\/707\/revisions\/711"}],"wp:attachment":[{"href":"https:\/\/allavigna.ch\/en\/wp-json\/wp\/v2\/media?parent=707"}],"curies":[{"name":"wp","href":"https:\/\/api.w.org\/{rel}","templated":true}]}}